{"id":861,"date":"2024-12-04T11:38:51","date_gmt":"2024-12-04T08:38:51","guid":{"rendered":"https:\/\/www.atilim.edu.tr\/manzara-politik\/?page_id=861"},"modified":"2025-08-14T15:31:50","modified_gmt":"2025-08-14T12:31:50","slug":"manzara-politik-yayin-hayatina-baslarken","status":"publish","type":"page","link":"https:\/\/www.atilim.edu.tr\/manzara-politik\/?page_id=861","title":{"rendered":"MANZARA POL\u0130T\u0130K YAYIN HAYATINA BA\u015eLARKEN"},"content":{"rendered":"\n<p><em>Manzara Politik,<\/em> At\u0131l\u0131m \u00dcniversitesi \u0130\u015fletme Fak\u00fcltesi b\u00fcnyesinde hizmet vermeye ba\u015flayan blogdur. Blog yazarlar\u0131, her ne kadar Siyaset Bilimi- Kamu Y\u00f6netimi ve Uluslararas\u0131 \u0130li\u015fkiler b\u00f6l\u00fcmleri \u00f6\u011fretim \u00fcyeleri ve yard\u0131mc\u0131lar\u0131 olsalar da \u0130\u015fletme Fak\u00fcltesi\u2019nin t\u00fcm \u00f6\u011fretim \u00fcyeleri d\u00fcnya ve T\u00fcrkiye siyasetindeki geli\u015fmeler \u00fczerine kendi disiplinleri a\u00e7\u0131s\u0131ndan katk\u0131 verebileceklerdir. Blog, her \u00fc\u00e7 ayda bir yeni yaz\u0131lar\u0131n y\u00fcklenmesiyle zenginle\u015fecektir.<\/p>\n\n\n\n<p>Bilindi\u011fi \u00fczere, \u00fcniversitelerin temel g\u00f6revleri e\u011fitim-\u00f6\u011fretim, bilimsel ara\u015ft\u0131rma ve topluma hizmettir. Topluma hizmet kapsam\u0131nda yer alan unsurlardan birisi de yap\u0131lan yay\u0131nlar, d\u00fczenlenen toplant\u0131lar vas\u0131tas\u0131yla toplumu g\u00fcncel konular hakk\u0131nda ayd\u0131nlatmakt\u0131r. Ancak ne yaz\u0131k ki, akademisyenler taraf\u0131ndan yay\u0131nlanan makalelerin yar\u0131s\u0131 sadece yazarlar\u0131, makaleyi de\u011ferlendiren hakemleri ve dergi edit\u00f6rleri d\u0131\u015f\u0131nda kimse taraf\u0131ndan okunmamaktad\u0131r.<a href=\"#_ftn1\" id=\"_ftnref1\">[1]<\/a> Hal b\u00f6yle olunca, aylarca, y\u0131llarca emek harcanarak haz\u0131rlanan makaleler en az\u0131ndan topluma hizmet de\u011fi\u015fkeni cinsinden kar\u015f\u0131l\u0131\u011f\u0131n\u0131 bulamamakta, topluma istenen d\u00fczeylerde yarar sa\u011flayamamaktad\u0131r. Yay\u0131nlanan makalelerin topluma ula\u015famamas\u0131nda temel nedenler olarak bilimsel yay\u0131nlar\u0131n a\u011f\u0131r olan dili ve bilimsel alanlarda her ge\u00e7en g\u00fcn biraz daha artmakta olan uzmanla\u015fma g\u00f6sterilmektedir. <em>Manzara Politik<\/em> blogu ile de ama\u00e7lanan, \u00f6zellikle siyaset bilimi, kamu y\u00f6netimi ve uluslararas\u0131 ili\u015fkiler alan\u0131nda yap\u0131lm\u0131\u015f bilimsel \u00e7al\u0131\u015fmalar\u0131n topluma katk\u0131s\u0131n\u0131n artt\u0131r\u0131lmas\u0131, At\u0131l\u0131m \u00dcniversitesi \u0130\u015fletme Fak\u00fcltesi \u00f6\u011fretim \u00fcyelerinin g\u00f6r\u00fc\u015f ve de\u011ferlendirmelerinin topluma sunulmas\u0131d\u0131r. Blog, yaz\u0131 dilinin kolayca anla\u015f\u0131labilir olmas\u0131, detaylardan ka\u00e7\u0131n\u0131lmas\u0131, herkes taraf\u0131ndan bilinmeyen bilimsel kavramlara yer verilmemesi veya basit ifadelerle kavramlar\u0131n a\u00e7\u0131klanarak kullan\u0131lmas\u0131, \u00e7al\u0131\u015fmalarda yer alan karma\u015f\u0131k analiz y\u00f6ntemlerini kullanmadan sadece ara\u015ft\u0131rma sonu\u00e7lar\u0131n\u0131n okuyucuya verilmesi, sayfalar uzunlu\u011fundaki yaz\u0131lar\u0131n yaln\u0131zca iki, \u00fc\u00e7 sayfayla okuyuncaya verilmesi gibi kurallarla yay\u0131n hayat\u0131na ba\u015flamaktad\u0131r. &nbsp;<\/p>\n\n\n\n<p>At\u0131l\u0131m \u00dcniversitesi \u0130\u015fletme Fak\u00fcltesi <em>Manzara Politik<\/em>\u2019in yay\u0131n hayat\u0131n\u0131n uzun, i\u00e7eri\u011finin ise topluma yararl\u0131 olmas\u0131 temennileriyle.<\/p>\n\n\n\n<p class=\"has-text-align-left\"><\/p>\n\n\n\n<p class=\"has-text-align-right\">Prof. Dr. M. Mithat \u00dcner<\/p>\n\n\n\n<p class=\"has-text-align-right\">At\u0131l\u0131m \u00dcniversitesi<\/p>\n\n\n\n<p class=\"has-text-align-right\">\u0130\u015fletme Fak\u00fcltesi Dekan\u0131<\/p>\n","protected":false},"excerpt":{"rendered":"<p>Manzara Politik, At\u0131l\u0131m \u00dcniversitesi \u0130\u015fletme Fak\u00fcltesi b\u00fcnyesinde hizmet vermeye ba\u015flayan blogdur. Blog yazarlar\u0131, her ne kadar Siyaset Bilimi- Kamu Y\u00f6netimi ve Uluslararas\u0131 \u0130li\u015fkiler b\u00f6l\u00fcmleri \u00f6\u011fretim \u00fcyeleri ve yard\u0131mc\u0131lar\u0131 olsalar da \u0130\u015fletme Fak\u00fcltesi\u2019nin t\u00fcm \u00f6\u011fretim \u00fcyeleri d\u00fcnya ve T\u00fcrkiye siyasetindeki geli\u015fmeler \u00fczerine kendi disiplinleri a\u00e7\u0131s\u0131ndan katk\u0131 verebileceklerdir. Blog, her \u00fc\u00e7 ayda bir yeni yaz\u0131lar\u0131n y\u00fcklenmesiyle zenginle\u015fecektir. [&hellip;]<\/p>\n","protected":false},"author":1,"featured_media":0,"parent":0,"menu_order":0,"comment_status":"closed","ping_status":"closed","template":"","meta":{"footnotes":""},"_links":{"self":[{"href":"https:\/\/www.atilim.edu.tr\/manzara-politik\/index.php?rest_route=\/wp\/v2\/pages\/861"}],"collection":[{"href":"https:\/\/www.atilim.edu.tr\/manzara-politik\/index.php?rest_route=\/wp\/v2\/pages"}],"about":[{"href":"https:\/\/www.atilim.edu.tr\/manzara-politik\/index.php?rest_route=\/wp\/v2\/types\/page"}],"author":[{"embeddable":true,"href":"https:\/\/www.atilim.edu.tr\/manzara-politik\/index.php?rest_route=\/wp\/v2\/users\/1"}],"replies":[{"embeddable":true,"href":"https:\/\/www.atilim.edu.tr\/manzara-politik\/index.php?rest_route=%2Fwp%2Fv2%2Fcomments&post=861"}],"version-history":[{"count":4,"href":"https:\/\/www.atilim.edu.tr\/manzara-politik\/index.php?rest_route=\/wp\/v2\/pages\/861\/revisions"}],"predecessor-version":[{"id":983,"href":"https:\/\/www.atilim.edu.tr\/manzara-politik\/index.php?rest_route=\/wp\/v2\/pages\/861\/revisions\/983"}],"wp:attachment":[{"href":"https:\/\/www.atilim.edu.tr\/manzara-politik\/index.php?rest_route=%2Fwp%2Fv2%2Fmedia&parent=861"}],"curies":[{"name":"wp","href":"https:\/\/api.w.org\/{rel}","templated":true}]}}